{"id":7671,"date":"2024-03-10T15:14:41","date_gmt":"2024-03-10T15:14:41","guid":{"rendered":"https:\/\/fuerteventura.globalcruiseports.com\/parking\/"},"modified":"2026-04-06T11:54:34","modified_gmt":"2026-04-06T11:54:34","slug":"parking","status":"publish","type":"page","link":"https:\/\/fuerteventuracruiseport.com\/es\/parking\/","title":{"rendered":"Aparcamiento"},"content":{"rendered":"\r\n<section class=\"section page page-bg-light  \">\r\n\t<style>\r\n                .page-header-bg {\r\n                    background-image: url(https:\/\/fuerteventuracruiseport.com\/wp-content\/uploads\/sites\/79\/2025\/05\/DJI_0351-1-scaled.jpg);\r\n                    background-size: cover;\r\n                    background-position: center;\r\n                }\r\n\t\t\t\t.hero-content{\r\n\t\t\t\t    top: 50%;\r\n    \t\t\t\tposition: absolute;\r\n    \t\t\t\ttransform: translateY(-50%);\r\n\t\t\t\t}\r\n              <\/style><div class=\"page-header-bg pr\">\t<div class=\"container w100\">\r\n\t\t<div class=\"row flex hero-content\">\r\n\t\t\t<div class=\"cl-12 page-header\">\r\n\t\t\t\t<h5>Aparcamiento<\/h5>\r\n\t\t\t\t<h1>Aparcamiento<\/h1>\r\n\t\t\t<\/div>\r\n\t\t<\/div>\r\n\t<\/div>\r\n\t<\/div>\r\n<\/section>\r\n\r\n<section class=\"section \">\r\n\t<div class=\"schedule-container\">\r\n\t\t<div class=\"container\">\r\n\t\t\t<div class=\"row flex align-i-center justify-c-center\">\r\n\t\t\t\t<div class=\"cl-12\">\r\n\t\t\t\t\t<div class=\"\">\r\n\t\t\t\t\t\t<div class=\"row flex page-sub-menu\">\r\n\t\t\t\t\t\t\t<div class=\"cl-12\">\r\n\t\t\t\t\t\t\t\t<nav class=\"menu-class\"><ul id=\"menu-transportation-parking-spanish\" class=\"menu flex align-i-center justify-c-center\"><li id=\"menu-item-8177\" class=\"menu-item menu-item-type-post_type menu-item-object-page menu-item-8177\"><a href=\"https:\/\/fuerteventuracruiseport.com\/es\/transporte\/\">Transporte<\/a><\/li>\n<li id=\"menu-item-8178\" class=\"menu-item menu-item-type-post_type menu-item-object-page menu-item-8178\"><a href=\"https:\/\/fuerteventuracruiseport.com\/es\/parking\/\">Aparcamiento<\/a><\/li>\n<\/ul><\/nav>\t\t\t\t\t\t\t<\/div>\r\n\t\t\t\t\t\t<\/div>\r\n\t\t\t\t\t\t<div class=\"row flex align-i-center\">\r\n\t\t\t\t\t\t\t<div class=\"cl-5\">\r\n\t\t\t\t\t\t\t\t<h2>\r\n\t\t\t\t\t\t\t\t\tPlanifique con anticipaci\u00f3n\t\t\t\t\t\t\t\t\t<br>\r\n\t\t\t\t\t\t\t\t\t<span class=\"primary-color\">Reserva tu aparcamiento<\/span>\r\n\t\t\t\t\t\t\t\t<\/h2>\r\n\t\t\t\t\t\t\t<\/div>\r\n\t\t\t\t\t\t\t<div class=\"cl-7\">\r\n\t\t\t\t\t\t\t\t<p class=\"grey-color\">\u00a1Llegar a Fuerteventura y salir de la ciudad es muy f\u00e1cil! Ya sea en coche, transporte p\u00fablico u otro medio, encontrar\u00e1s opciones de viaje c\u00f3modas y abundante aparcamiento para garantizar un trayecto sin complicaciones.<\/p>\r\n\t\t\t\t\t\t\t<\/div>\r\n\t\t\t\t\t\t<\/div>\r\n\t\t\t\t\t\t<div class=\"row flex parking-booking-wrapper align-i-center\">\r\n\t\t\t\t\t\t\t<div class=\"cl-4\">\r\n\t\t\t\t\t\t\t\t<h3>Aparcamiento en Fuerteventura Cruise Port<\/h3>\r\n\t\t\t\t\t\t\t\t<p><p>El aparcamiento est\u00e1 disponible en las inmediaciones de Fuerteventura Cruise Port, con varias zonas de estacionamiento p\u00fablico situadas a poca distancia a pie de la terminal. Estas opciones ofrecen un acceso c\u00f3modo para quienes llegan en coche, tanto para estancias cortas como para estacionamientos de mayor duraci\u00f3n.<\/p>\n<p>&nbsp;<\/p>\n<p>Los autobuses de excursiones en tierra (Shorex) y las visitas organizadas suelen recoger y dejar a los pasajeros directamente en la terminal de cruceros o en sus inmediaciones, garantizando conexiones \u00e1giles y eficientes. Adem\u00e1s, hay taxis disponibles en el puerto, lo que facilita el desplazamiento sin necesidad de aparcar.<\/p>\n<p>&nbsp;<\/p>\n<p>Para los visitantes que acceden en veh\u00edculo propio, los aparcamientos p\u00fablicos cercanos representan una soluci\u00f3n pr\u00e1ctica que permite disfrutar de Fuerteventura con total comodidad antes o despu\u00e9s de la escala del crucero.<\/p>\n<\/p>\r\n\t\t\t\t\t\t\t\t\r\n\t\t\t\t\t\t\t<\/div>\r\n\t\t\t\t\t\t\t<div class=\"cl-7 offset-1\">\r\n\t\t\t\t\t\t\t\t<img decoding=\"async\" src=\"https:\/\/fuerteventuracruiseport.com\/wp-content\/uploads\/sites\/79\/2025\/03\/parking-scaled.jpg\" class=\"w100\" alt=\"\" \/>\r\n\t\t\t\t\t\t\t<\/div>\r\n\t\t\t\t\t\t<\/div>\r\n\t\t\t\t\t<\/div>\r\n\t\t\t\t<\/div>\r\n\t\t\t<\/div>\r\n\t\t<\/div>\r\n\t<\/div>\r\n<\/section>\r\n\r\n\r\n<section class=\"section\" id=\"parking-information\">\r\n\t<div class=\"container\">\r\n\t\t<div class=\"row flex align-i-center justify-c-center\">\r\n\t\t\t<div class=\"cl-12\">\r\n\t\t\t\t<div class=\"page-parking-information-wrapper mb-4\">\r\n\t\t\t\t\t<div class=\"row flex\">\r\n\t\t\t\t\t\t<div class=\"cl-12\">\r\n\t\t\t\t\t\t\t<h3>Su informaci\u00f3n de estacionamiento <\/h3>\r\n\t\t\t\t\t\t\t<p>Aunque el aparcamiento dentro de la zona de la terminal de cruceros es limitado, hay varias opciones de aparcamiento convenientes para los visitantes en las inmediaciones. Los autobuses de excursiones en tierra y los operadores tur\u00edsticos suelen recoger a los pasajeros directamente en la terminal de cruceros, lo que facilita el transporte y lo hace m\u00e1s accesible. <\/p>\n<p>Opciones de aparcamiento en las inmediaciones: <\/p>\n<p>1- <strong><a class=\"primary-color\" href=\"https:\/\/maps.app.goo.gl\/WuDS5rWwNczDK2sM6\" target=\"_blank\">Av. Reyes de Espa\u00f1a, 2, 35600 Puerto del Rosario, Las Palmas <\/a><\/strong><br \/>\n2- <strong><a class=\"primary-color\" href=\"https:\/\/maps.app.goo.gl\/JGhT4zPUv3hdSLtF9\" target=\"_blank\">C. Ramiro de Maeztu, 13, 35600 Puerto del Rosario, Las Palmas<\/a><\/strong><br \/>\n3- <strong><a class=\"primary-color\" href=\"https:\/\/maps.app.goo.gl\/nX2Kx46YEmdL6tYLA\" target=\"_blank\">Parking La Hubara: Calle Juan Alfonso, 5, 35600 Puerto del Rosario, Las Palmas<\/a><\/strong> <\/p>\n\t\t\t\t\t\t<\/div>\r\n\t\t\t\t\t<\/div>\r\n\t\t\t\t<\/div>\r\n\t\t\t<\/div>\r\n\t\t<\/div>\r\n\t<\/div>\r\n<\/section>\r\n\n\n\r\n<style>\r\n\t.section-social-responsibilities .page-header-bg {\r\n\t\tbackground-image: url('https:\/\/fuerteventuracruiseport.com\/wp-content\/uploads\/sites\/79\/2024\/04\/parking-prices-bg.jpg');\r\n\t}\r\n<\/style>\r\n\r\n\n\n\n\n","protected":false},"excerpt":{"rendered":"","protected":false},"author":1,"featured_media":0,"parent":0,"menu_order":38,"comment_status":"closed","ping_status":"closed","template":"","meta":{"_acf_changed":false,"footnotes":""},"class_list":["post-7671","page","type-page","status-publish","hentry"],"acf":[],"_links":{"self":[{"href":"https:\/\/fuerteventuracruiseport.com\/es\/wp-json\/wp\/v2\/pages\/7671","targetHints":{"allow":["GET"]}}],"collection":[{"href":"https:\/\/fuerteventuracruiseport.com\/es\/wp-json\/wp\/v2\/pages"}],"about":[{"href":"https:\/\/fuerteventuracruiseport.com\/es\/wp-json\/wp\/v2\/types\/page"}],"author":[{"embeddable":true,"href":"https:\/\/fuerteventuracruiseport.com\/es\/wp-json\/wp\/v2\/users\/1"}],"replies":[{"embeddable":true,"href":"https:\/\/fuerteventuracruiseport.com\/es\/wp-json\/wp\/v2\/comments?post=7671"}],"version-history":[{"count":11,"href":"https:\/\/fuerteventuracruiseport.com\/es\/wp-json\/wp\/v2\/pages\/7671\/revisions"}],"predecessor-version":[{"id":9266,"href":"https:\/\/fuerteventuracruiseport.com\/es\/wp-json\/wp\/v2\/pages\/7671\/revisions\/9266"}],"wp:attachment":[{"href":"https:\/\/fuerteventuracruiseport.com\/es\/wp-json\/wp\/v2\/media?parent=7671"}],"curies":[{"name":"wp","href":"https:\/\/api.w.org\/{rel}","templated":true}]}}